{"id":1439,"date":"2026-03-31T11:46:04","date_gmt":"2026-03-31T11:46:04","guid":{"rendered":"https:\/\/2026.businesscenterbologna.com\/?page_id=1439"},"modified":"2026-05-07T09:07:52","modified_gmt":"2026-05-07T09:07:52","slug":"sale-meeting","status":"publish","type":"page","link":"https:\/\/2026.businesscenterbologna.com\/index.php\/sale-meeting\/","title":{"rendered":"Sale Meeting"},"content":{"rendered":"<div class=\"wpb-content-wrapper\"><p>[vc_row][vc_column][ct_heading text=&#8221;Un ampio ventaglio di servizi interconnessi&#8221; font_size=&#8221;40&#8243; font_size_md=&#8221;40&#8243; font_size_sm=&#8221;36&#8243; font_size_xs=&#8221;30&#8243; line_height=&#8221;50&#8243; line_height_md=&#8221;50&#8243; line_height_sm=&#8221;45&#8243; line_height_xs=&#8221;38&#8243; font_weight=&#8221;&#8221; text_color=&#8221;#0F2A44&#8243; description_font_weight=&#8221;inherit&#8221;][ct_space space_lg=&#8221;139&#8243; space_md=&#8221;139&#8243; space_xs=&#8221;65&#8243;][\/vc_column][\/vc_row][vc_row parallax=&#8221;content-moving&#8221; parallax_image=&#8221;1444&#8243;][vc_column width=&#8221;1\/2&#8243;][ct_space space_lg=&#8221;139&#8243; space_md=&#8221;139&#8243; space_xs=&#8221;65&#8243;][ct_space space_lg=&#8221;139&#8243; space_md=&#8221;139&#8243; space_xs=&#8221;65&#8243;][ct_fancybox cms_template=&#8221;ct_fancybox&#8211;layout3.php&#8221; title_color=&#8221;#0F2A44&#8243; description_color=&#8221;#0F2A44&#8243; title=&#8221;Riunione,<br \/>\nFormazione,<br \/>\nConferenza,<br \/>\nPresentazione&#8221; title_font_size=&#8221;65&#8243; description=&#8221;La struttura del Business Center Bologna, grazie all\u2019estrema versatilit\u00e0 degli spazi e alle competenze progettuali, mette a disposizione varie tipologie di servizi standardizzate o personalizzabili secondo le esigenze del cliente.&#8221;][\/vc_column][vc_column width=&#8221;1\/2&#8243;][\/vc_column][\/vc_row][vc_row][vc_column][ct_space space_lg=&#8221;139&#8243; space_md=&#8221;139&#8243; space_xs=&#8221;65&#8243;][\/vc_column][\/vc_row][vc_row full_width=&#8221;stretch_row&#8221; parallax=&#8221;content-moving&#8221; parallax_image=&#8221;1522&#8243;][vc_column width=&#8221;1\/2&#8243;][ct_heading text=&#8221;Due tipologie di sale&#8221; font_size=&#8221;40&#8243; font_size_md=&#8221;40&#8243; font_size_sm=&#8221;36&#8243; font_size_xs=&#8221;30&#8243; line_height=&#8221;50&#8243; line_height_md=&#8221;50&#8243; line_height_sm=&#8221;45&#8243; line_height_xs=&#8221;38&#8243; font_weight=&#8221;&#8221; text_color=&#8221;#FFFFFF&#8221; subtitle=&#8221;Meeting e Corsi&#8221; subtitle_color=&#8221;#FFFFFF&#8221; description_font_weight=&#8221;inherit&#8221;][ct_fancybox cms_template=&#8221;ct_fancybox&#8211;layout2.php&#8221; title_color=&#8221;#FFFFFF&#8221; icon_type=&#8221;image&#8221; icon_image=&#8221;1447&#8243; btn_link=&#8221;url:https%3A%2F%2F2026.businesscenterbologna.com%2Findex.php%2Fprenotazioni%2F|title:Prenotazioni|target:_blank&#8221; title=&#8221;Sala Meeting 35 posti&#8221;][ct_space space_lg=&#8221;139&#8243; space_md=&#8221;139&#8243; space_xs=&#8221;65&#8243;][\/vc_column][vc_column width=&#8221;1\/2&#8243;][ct_space space_lg=&#8221;139&#8243; space_md=&#8221;139&#8243; space_xs=&#8221;65&#8243;][ct_fancybox cms_template=&#8221;ct_fancybox&#8211;layout2.php&#8221; title_color=&#8221;#FFFFFF&#8221; icon_type=&#8221;image&#8221; icon_image=&#8221;1446&#8243; btn_link=&#8221;url:https%3A%2F%2F2026.businesscenterbologna.com%2Findex.php%2Fprenotazioni%2F|title:Prenotazioni|target:_blank&#8221; title=&#8221;Sala Riunioni 10 posti&#8221;][ct_space space_lg=&#8221;139&#8243; space_md=&#8221;139&#8243; space_xs=&#8221;65&#8243;][\/vc_column][\/vc_row][vc_row][vc_column width=&#8221;1\/2&#8243;][ct_space space_lg=&#8221;139&#8243; space_md=&#8221;139&#8243; space_xs=&#8221;65&#8243;][vc_single_image image=&#8221;1448&#8243; img_size=&#8221;large&#8221; css=&#8221;&#8221;][\/vc_column][vc_column width=&#8221;1\/2&#8243;][ct_space space_lg=&#8221;139&#8243; space_md=&#8221;139&#8243; space_xs=&#8221;65&#8243;][ct_heading text=&#8221;Comfort e attrezzature&#8221; font_size=&#8221;40&#8243; font_size_md=&#8221;40&#8243; font_size_sm=&#8221;36&#8243; font_size_xs=&#8221;30&#8243; line_height=&#8221;50&#8243; line_height_md=&#8221;50&#8243; line_height_sm=&#8221;45&#8243; line_height_xs=&#8221;38&#8243; font_weight=&#8221;&#8221; text_color=&#8221;#0F2A44&#8243; description_font_weight=&#8221;inherit&#8221;][vc_column_text css=&#8221;&#8221;]<\/p>\n<p style=\"font-size: 20px;\"><strong>Sale meeting<\/strong> e <strong>corsi<\/strong> panoramiche, con capienza fino a 70 posti, complete delle attrezzature tecniche; possibilit\u00e0 di coffee break e light lunch a buffet nell\u2019area relax o al roofing garden.<\/p>\n<p style=\"font-size: 20px;\">Se hai necessit\u00e0 particolari, il team del Business Center Bologna \u00a0ti affiancher\u00e0 per soddisfare le tue esigenze.<\/p>\n<p style=\"font-size: 20px;\"><strong>In attesa di legislazione dedicata, stiamo attrezzando le sale in modo innovativo per far fronte ai nuovi stili di vita che ci impone ci\u00f2 che stiamo vivendo; \u00e8 ora di ripartire e noi siamo pronti <\/strong><\/p>\n<p>[\/vc_column_text][\/vc_column][\/vc_row][vc_row][vc_column width=&#8221;1\/2&#8243;][vc_separator border_width=&#8221;4&#8243; css=&#8221;&#8221;][ct_heading text=&#8221;Sala Smart Working&#8221; font_size=&#8221;40&#8243; font_size_md=&#8221;40&#8243; font_size_sm=&#8221;36&#8243; font_size_xs=&#8221;30&#8243; line_height=&#8221;50&#8243; line_height_md=&#8221;50&#8243; line_height_sm=&#8221;45&#8243; line_height_xs=&#8221;38&#8243; font_weight=&#8221;&#8221; text_color=&#8221;#0F2A44&#8243; description_font_weight=&#8221;inherit&#8221;][vc_column_text css=&#8221;&#8221;]<\/p>\n<p style=\"font-size: 20px;\">Abbiamo attrezzato una sala per consentire la produzione di video-conferenze e video-corsi in real time oppure registrati; una modalit\u00e0 fino ad ora poco sfruttata, ma che negli ultimi mesi \u00e8 diventata molto importante e ha suggerito nuove opportunit\u00e0 di comunicazione a basso costo, ma di grande impatto<\/p>\n<p>[\/vc_column_text][\/vc_column][vc_column width=&#8221;1\/2&#8243;][vc_separator border_width=&#8221;4&#8243; css=&#8221;&#8221;][vc_single_image image=&#8221;1450&#8243; img_size=&#8221;large&#8221; css=&#8221;&#8221;][\/vc_column][\/vc_row]<\/p>\n<\/div>","protected":false},"excerpt":{"rendered":"<p>[vc_row][vc_column][ct_heading text=&#8221;Un ampio ventaglio di servizi interconnessi&#8221; font_size=&#8221;40&#8243; font_size_md=&#8221;40&#8243; font_size_sm=&#8221;36&#8243; font_size_xs=&#8221;30&#8243; line_height=&#8221;50&#8243; line_height_md=&#8221;50&#8243; line_height_sm=&#8221;45&#8243; line_height_xs=&#8221;38&#8243; font_weight=&#8221;&#8221; text_color=&#8221;#0F2A44&#8243; description_font_weight=&#8221;inherit&#8221;][ct_space space_lg=&#8221;139&#8243; space_md=&#8221;139&#8243; space_xs=&#8221;65&#8243;][\/vc_column][\/vc_row][vc_row parallax=&#8221;content-moving&#8221; parallax_image=&#8221;1444&#8243;][vc_column width=&#8221;1\/2&#8243;][ct_space space_lg=&#8221;139&#8243; space_md=&#8221;139&#8243; space_xs=&#8221;65&#8243;][ct_space space_lg=&#8221;139&#8243; space_md=&#8221;139&#8243; space_xs=&#8221;65&#8243;][ct_fancybox cms_template=&#8221;ct_fancybox&#8211;layout3.php&#8221; title_color=&#8221;#0F2A44&#8243; description_color=&#8221;#0F2A44&#8243; title=&#8221;Riunione, Formazione, Conferenza, Presentazione&#8221; title_font_size=&#8221;65&#8243; description=&#8221;La struttura del Business Center Bologna, grazie all\u2019estrema versatilit\u00e0 degli spazi e alle competenze progettuali, mette a [&hellip;]<\/p>\n","protected":false},"author":1,"featured_media":0,"parent":0,"menu_order":0,"comment_status":"closed","ping_status":"closed","template":"","meta":{"footnotes":""},"class_list":["post-1439","page","type-page","status-publish","hentry"],"_links":{"self":[{"href":"https:\/\/2026.businesscenterbologna.com\/index.php\/wp-json\/wp\/v2\/pages\/1439","targetHints":{"allow":["GET"]}}],"collection":[{"href":"https:\/\/2026.businesscenterbologna.com\/index.php\/wp-json\/wp\/v2\/pages"}],"about":[{"href":"https:\/\/2026.businesscenterbologna.com\/index.php\/wp-json\/wp\/v2\/types\/page"}],"author":[{"embeddable":true,"href":"https:\/\/2026.businesscenterbologna.com\/index.php\/wp-json\/wp\/v2\/users\/1"}],"replies":[{"embeddable":true,"href":"https:\/\/2026.businesscenterbologna.com\/index.php\/wp-json\/wp\/v2\/comments?post=1439"}],"version-history":[{"count":8,"href":"https:\/\/2026.businesscenterbologna.com\/index.php\/wp-json\/wp\/v2\/pages\/1439\/revisions"}],"predecessor-version":[{"id":1443,"href":"https:\/\/2026.businesscenterbologna.com\/index.php\/wp-json\/wp\/v2\/pages\/1439\/revisions\/1443"}],"wp:attachment":[{"href":"https:\/\/2026.businesscenterbologna.com\/index.php\/wp-json\/wp\/v2\/media?parent=1439"}],"curies":[{"name":"wp","href":"https:\/\/api.w.org\/{rel}","templated":true}]}}