{"id":14,"date":"2019-03-13T02:05:21","date_gmt":"2019-03-13T02:05:21","guid":{"rendered":"https:\/\/demo.casethemes.net\/archio\/?page_id=14"},"modified":"2026-05-13T08:33:17","modified_gmt":"2026-05-13T08:33:17","slug":"about-us","status":"publish","type":"page","link":"https:\/\/2026.businesscenterbologna.com\/index.php\/about-us\/","title":{"rendered":"About us"},"content":{"rendered":"<div class=\"wpb-content-wrapper\"><p>[vc_row css=&#8221;.vc_custom_1552813044586{padding-top: 110px !important;}&#8221;][vc_column width=&#8221;1\/2&#8243; css=&#8221;.vc_custom_1552813034346{padding-top: 0px !important;}&#8221;][ct_video_player video_link=&#8221;url:https%3A%2F%2Fwww.dropbox.com%2Fscl%2Ffi%2Fup2d1k6dyptfofrszegd2%2Fvideo-bcb.mov%3Frlkey%3Dox06p87g1pgg6ddl8vlhpilvo%26st%3Ddmh64727%26dl%3D0&#8243; video_intro1=&#8221;1282&#8243; video_intro2=&#8221;1287&#8243; video_text=&#8221;View now&#8221;][\/vc_column][vc_column width=&#8221;1\/2&#8243; ct_column_class=&#8221;rm-padding-lg&#8221; css=&#8221;.vc_custom_1552902458867{padding-top: 0px !important;padding-left: 35px !important;}&#8221;][ct_space space_lg=&#8221;139&#8243; space_md=&#8221;139&#8243; space_sm=&#8221;0&#8243; space_xs=&#8221;65&#8243;][ct_heading styles=&#8221;style2&#8243; text=&#8221;L&#8217;Ufficio in affitto completo di tutto&#8221; tag=&#8221;h1&#8243; font_size=&#8221;40&#8243; font_size_md=&#8221;40&#8243; font_size_sm=&#8221;36&#8243; font_size_xs=&#8221;30&#8243; line_height=&#8221;50&#8243; line_height_md=&#8221;50&#8243; line_height_sm=&#8221;45&#8243; line_height_xs=&#8221;38&#8243; font_weight=&#8221;800&#8243; text_color=&#8221;#0F2A44&#8243; show_gap=&#8221;show&#8221; gap_color=&#8221;#0F2A44&#8243; subtitle=&#8221;Spazio Business&#8221; subtitle_color=&#8221;#1FA3D8&#8243; description_font_weight=&#8221;inherit&#8221;][vc_column_text css=&#8221;.vc_custom_1774445103901{margin-bottom: 0px !important;padding-top: 42px !important;}&#8221;]<\/p>\n<div class=\"fusion-text\">\n<p>Il <strong>Business Center Bologna<\/strong> si trova a pochi minuti dal centro citt\u00e0, tra le statali Via Emilia e San Vitale, nelle immediate vicinanze dei 2 caselli autostradali di San Lazzaro di Savena e Castel San Pietro Terme.<\/p>\n<\/div>\n<div class=\"fusion-text\">\n<p>Il <strong>Business Center Bologna<\/strong> \u00e8 uno spazio business virtuoso in un contesto di prestigio, dove \u00e8 possibile ampliare la propria proposta grazie allo sfruttamento delle opportunit\u00e0 messe a disposizione dalla struttura molto dinamica e ricettiva.<\/p>\n<\/div>\n<p>[\/vc_column_text][\/vc_column][\/vc_row][vc_row][vc_column css=&#8221;.vc_custom_1552904057619{padding-top: 104px !important;padding-bottom: 113px !important;}&#8221;][vc_row_inner][vc_column_inner width=&#8221;1\/4&#8243;][\/vc_column_inner][vc_column_inner width=&#8221;1\/2&#8243; ct_column_inner_class=&#8221;rm-padding-sm&#8221; css=&#8221;.vc_custom_1552903159138{padding-top: 0px !important;padding-right: 40px !important;padding-left: 40px !important;}&#8221;][ct_heading text=&#8221;Ti forniamo la migliore qualit\u00e0&#8221; align_lg=&#8221;align-center&#8221; align_md=&#8221;align-center-md&#8221; align_sm=&#8221;align-center-sm&#8221; align_xs=&#8221;align-center-xs&#8221; font_size=&#8221;40&#8243; font_size_md=&#8221;40&#8243; font_size_sm=&#8221;36&#8243; font_size_xs=&#8221;30&#8243; line_height=&#8221;50&#8243; line_height_md=&#8221;50&#8243; line_height_sm=&#8221;45&#8243; line_height_xs=&#8221;38&#8243; font_weight=&#8221;&#8221; text_color=&#8221;#0F2A44&#8243; show_gap=&#8221;show&#8221; gap_color=&#8221;#0F2A44&#8243; subtitle=&#8221;Servizi&#8221; subtitle_color=&#8221;#1FA3D8&#8243; description_font_weight=&#8221;inherit&#8221;][\/vc_column_inner][vc_column_inner width=&#8221;1\/4&#8243;][\/vc_column_inner][\/vc_row_inner][vc_empty_space height=&#8221;39&#8243;][vc_row_inner][vc_column_inner width=&#8221;1\/2&#8243; css=&#8221;.vc_custom_1552924744977{padding-top: 30px !important;}&#8221; offset=&#8221;vc_col-lg-3 vc_col-md-3&#8243; animation_column=&#8221;fadeInUp&#8221;][ct_fancybox title_color=&#8221;#1FA3D8&#8243; icon_type=&#8221;image&#8221; icon_image=&#8221;1301&#8243; btn_link=&#8221;url:https%3A%2F%2F2026.businesscenterbologna.com%2Findex.php%2Fservizi%2Fuffici%2F|title:Uffici&#8221; title=&#8221;Uffici arredati&#8221;][\/vc_column_inner][vc_column_inner width=&#8221;1\/2&#8243; css=&#8221;.vc_custom_1552924751416{padding-top: 30px !important;}&#8221; offset=&#8221;vc_col-lg-3 vc_col-md-3&#8243; animation_column=&#8221;fadeInUp&#8221;][ct_fancybox title_color=&#8221;#1FA3D8&#8243; icon_type=&#8221;image&#8221; icon_image=&#8221;1298&#8243; btn_link=&#8221;url:https%3A%2F%2F2026.businesscenterbologna.com%2Findex.php%2Fsale-meeting%2F|title:Sale%20Meeting&#8221; title=&#8221;Sale meeting&#8221;][\/vc_column_inner][vc_column_inner width=&#8221;1\/2&#8243; css=&#8221;.vc_custom_1552924758163{padding-top: 30px !important;}&#8221; offset=&#8221;vc_col-lg-3 vc_col-md-3&#8243; animation_column=&#8221;fadeInUp&#8221;][ct_fancybox title_color=&#8221;#1FA3D8&#8243; icon_type=&#8221;image&#8221; icon_image=&#8221;1300&#8243; btn_link=&#8221;url:https%3A%2F%2F2026.businesscenterbologna.com%2Findex.php%2Faree-relax%2F|title:Aree%20Relax&#8221; title=&#8221;Aree relax&#8221;][\/vc_column_inner][vc_column_inner width=&#8221;1\/2&#8243; css=&#8221;.vc_custom_1552924764056{padding-top: 30px !important;}&#8221; offset=&#8221;vc_col-lg-3 vc_col-md-3&#8243; animation_column=&#8221;fadeInUp&#8221;][ct_fancybox title_color=&#8221;#1FA3D8&#8243; icon_type=&#8221;image&#8221; icon_image=&#8221;1292&#8243; btn_link=&#8221;url:%23|||&#8221; title=&#8221;Ampio parcheggio&#8221;][\/vc_column_inner][\/vc_row_inner][\/vc_column][\/vc_row][vc_row full_width=&#8221;stretch_row&#8221; parallax=&#8221;content-moving&#8221; parallax_image=&#8221;1526&#8243; parallax_speed_bg=&#8221;1.8&#8243; bg_image_position=&#8221;bg-image-ps-center&#8221; css=&#8221;.vc_custom_1775220267722{padding-top: 80px !important;padding-bottom: 40px !important;background-position: center;background-repeat: no-repeat !important;background-size: cover !important;}&#8221;][vc_column width=&#8221;1\/3&#8243; ct_column_class=&#8221;rm-padding-lg&#8221; css=&#8221;.vc_custom_1552924507632{padding-top: 0px !important;padding-right: 25px !important;}&#8221; offset=&#8221;vc_col-lg-3 vc_col-md-3&#8243;][ct_heading text=&#8221;I nostri numeri&#8221; font_size=&#8221;40&#8243; font_size_md=&#8221;40&#8243; font_size_sm=&#8221;36&#8243; font_size_xs=&#8221;30&#8243; line_height=&#8221;50&#8243; line_height_md=&#8221;50&#8243; line_height_sm=&#8221;45&#8243; line_height_xs=&#8221;38&#8243; font_weight=&#8221;&#8221; text_color=&#8221;#ffffff&#8221; description_font_weight=&#8221;inherit&#8221; margin_bottom=&#8221;0&#8243; el_class=&#8221;white-bold&#8221; margin_top=&#8221;47&#8243;][\/vc_column][vc_column width=&#8221;2\/3&#8243; ct_column_class=&#8221;rm-padding-lg&#8221; css=&#8221;.vc_custom_1552924513372{padding-top: 0px !important;padding-left: 93px !important;}&#8221; offset=&#8221;vc_col-lg-9 vc_col-md-9&#8243;][ct_space space_lg=&#8221;40&#8243; space_md=&#8221;40&#8243; space_sm=&#8221;0&#8243; space_xs=&#8221;65&#8243;][ct_space space_lg=&#8221;66&#8243; space_md=&#8221;66&#8243; space_sm=&#8221;66&#8243;][ct_counter title=&#8221;m\u00b2 di superficie&#8221; digit=&#8221;2000&#8243;][ct_space space_lg=&#8221;66&#8243; space_md=&#8221;66&#8243; space_sm=&#8221;66&#8243;][vc_row_inner][vc_column_inner width=&#8221;1\/2&#8243; css=&#8221;.vc_custom_1552923835415{padding-top: 65px !important;}&#8221; offset=&#8221;vc_col-lg-3 vc_col-md-3&#8243;][ct_counter title=&#8221;uffici arredati&#8221; digit=&#8221;35&#8243;][\/vc_column_inner][vc_column_inner width=&#8221;1\/2&#8243; css=&#8221;.vc_custom_1552923825582{padding-top: 65px !important;}&#8221; offset=&#8221;vc_col-lg-3 vc_col-md-3&#8243;][ct_space space_lg=&#8221;76&#8243; space_md=&#8221;76&#8243; space_sm=&#8221;0&#8243; space_xs=&#8221;0&#8243;][ct_counter title=&#8221;Sale meeting&#8221; digit=&#8221;2&#8243;][\/vc_column_inner][vc_column_inner width=&#8221;1\/2&#8243; css=&#8221;.vc_custom_1552923845488{padding-top: 65px !important;}&#8221; offset=&#8221;vc_col-lg-3 vc_col-md-3&#8243;][ct_counter title=&#8221;Aree relax&#8221; digit=&#8221;2&#8243;][\/vc_column_inner][vc_column_inner width=&#8221;1\/2&#8243; css=&#8221;.vc_custom_1552923854215{padding-top: 65px !important;}&#8221; offset=&#8221;vc_col-lg-3 vc_col-md-3&#8243;][ct_space space_lg=&#8221;76&#8243; space_md=&#8221;76&#8243; space_sm=&#8221;0&#8243; space_xs=&#8221;0&#8243;][ct_counter title=&#8221;Aziende&#8221; digit=&#8221;20&#8243;][\/vc_column_inner][\/vc_row_inner][ct_space space_lg=&#8221;66&#8243; space_md=&#8221;66&#8243; space_sm=&#8221;66&#8243;][\/vc_column][\/vc_row][vc_row][vc_column width=&#8221;1\/4&#8243;][\/vc_column][vc_column width=&#8221;1\/2&#8243;][ct_space space_lg=&#8221;66&#8243; space_md=&#8221;66&#8243; space_sm=&#8221;66&#8243;][ct_heading text=&#8221;News e Storie&#8221; align_lg=&#8221;align-center&#8221; align_md=&#8221;align-center-md&#8221; align_sm=&#8221;align-center-sm&#8221; align_xs=&#8221;align-center-xs&#8221; font_size=&#8221;40&#8243; font_size_md=&#8221;40&#8243; font_size_sm=&#8221;36&#8243; font_size_xs=&#8221;30&#8243; line_height=&#8221;50&#8243; line_height_md=&#8221;50&#8243; line_height_sm=&#8221;45&#8243; line_height_xs=&#8221;38&#8243; font_weight=&#8221;&#8221; text_color=&#8221;#0F2A44&#8243; description_font_weight=&#8221;inherit&#8221;][ct_space space_lg=&#8221;66&#8243; space_md=&#8221;66&#8243; space_sm=&#8221;66&#8243;][\/vc_column][vc_column width=&#8221;1\/4&#8243;][\/vc_column][\/vc_row][vc_row][vc_column][ct_blog_carousel limit=&#8221;4&#8243; col_xs=&#8221;1&#8243; col_sm=&#8221;2&#8243; col_md=&#8221;2&#8243; col_lg=&#8221;2&#8243; col_xl=&#8221;2&#8243; loop=&#8221;true&#8221; autoplay=&#8221;true&#8221; autoplay_timeout=&#8221;10000&#8243; smart_speed=&#8221;600&#8243;][ct_space space_lg=&#8221;66&#8243; space_md=&#8221;66&#8243; space_sm=&#8221;66&#8243;][\/vc_column][\/vc_row]<\/p>\n<\/div>","protected":false},"excerpt":{"rendered":"<p>[vc_row css=&#8221;.vc_custom_1552813044586{padding-top: 110px !important;}&#8221;][vc_column width=&#8221;1\/2&#8243; css=&#8221;.vc_custom_1552813034346{padding-top: 0px !important;}&#8221;][ct_video_player video_link=&#8221;url:https%3A%2F%2Fwww.dropbox.com%2Fscl%2Ffi%2Fup2d1k6dyptfofrszegd2%2Fvideo-bcb.mov%3Frlkey%3Dox06p87g1pgg6ddl8vlhpilvo%26st%3Ddmh64727%26dl%3D0&#8243; video_intro1=&#8221;1282&#8243; video_intro2=&#8221;1287&#8243; video_text=&#8221;View now&#8221;][\/vc_column][vc_column width=&#8221;1\/2&#8243; ct_column_class=&#8221;rm-padding-lg&#8221; css=&#8221;.vc_custom_1552902458867{padding-top: 0px !important;padding-left: 35px !important;}&#8221;][ct_space space_lg=&#8221;139&#8243; space_md=&#8221;139&#8243; space_sm=&#8221;0&#8243; space_xs=&#8221;65&#8243;][ct_heading styles=&#8221;style2&#8243; text=&#8221;L&#8217;Ufficio in affitto completo di tutto&#8221; tag=&#8221;h1&#8243; font_size=&#8221;40&#8243; font_size_md=&#8221;40&#8243; font_size_sm=&#8221;36&#8243; font_size_xs=&#8221;30&#8243; line_height=&#8221;50&#8243; line_height_md=&#8221;50&#8243; line_height_sm=&#8221;45&#8243; line_height_xs=&#8221;38&#8243; font_weight=&#8221;800&#8243; text_color=&#8221;#0F2A44&#8243; show_gap=&#8221;show&#8221; gap_color=&#8221;#0F2A44&#8243; subtitle=&#8221;Spazio Business&#8221; subtitle_color=&#8221;#1FA3D8&#8243; description_font_weight=&#8221;inherit&#8221;][vc_column_text css=&#8221;.vc_custom_1774445103901{margin-bottom: 0px !important;padding-top: 42px !important;}&#8221;] Il Business [&hellip;]<\/p>\n","protected":false},"author":1,"featured_media":0,"parent":0,"menu_order":0,"comment_status":"closed","ping_status":"closed","template":"","meta":{"footnotes":""},"class_list":["post-14","page","type-page","status-publish","hentry"],"_links":{"self":[{"href":"https:\/\/2026.businesscenterbologna.com\/index.php\/wp-json\/wp\/v2\/pages\/14","targetHints":{"allow":["GET"]}}],"collection":[{"href":"https:\/\/2026.businesscenterbologna.com\/index.php\/wp-json\/wp\/v2\/pages"}],"about":[{"href":"https:\/\/2026.businesscenterbologna.com\/index.php\/wp-json\/wp\/v2\/types\/page"}],"author":[{"embeddable":true,"href":"https:\/\/2026.businesscenterbologna.com\/index.php\/wp-json\/wp\/v2\/users\/1"}],"replies":[{"embeddable":true,"href":"https:\/\/2026.businesscenterbologna.com\/index.php\/wp-json\/wp\/v2\/comments?post=14"}],"version-history":[{"count":11,"href":"https:\/\/2026.businesscenterbologna.com\/index.php\/wp-json\/wp\/v2\/pages\/14\/revisions"}],"predecessor-version":[{"id":1740,"href":"https:\/\/2026.businesscenterbologna.com\/index.php\/wp-json\/wp\/v2\/pages\/14\/revisions\/1740"}],"wp:attachment":[{"href":"https:\/\/2026.businesscenterbologna.com\/index.php\/wp-json\/wp\/v2\/media?parent=14"}],"curies":[{"name":"wp","href":"https:\/\/api.w.org\/{rel}","templated":true}]}}